{"id":2019,"date":"2019-12-11T09:49:08","date_gmt":"2019-12-11T08:49:08","guid":{"rendered":"http:\/\/hoteldelconte.it\/new\/servizi\/"},"modified":"2025-08-23T19:54:00","modified_gmt":"2025-08-23T17:54:00","slug":"servizi","status":"publish","type":"page","link":"https:\/\/hoteldelconte.it\/en\/servizi\/","title":{"rendered":"services"},"content":{"rendered":"<p>[vc_row css=&#8221;.vc_custom_1485535037496{margin-top: 50px !important;}&#8221;][vc_column width=&#8221;1\/4&#8243;]<div style=\"background-color:;height: 10px\" class=\"nicdark_section  \"><\/div>\n\n    <div class=\"nd_options_section  nd_options_text_align_left \">\n\n        <img decoding=\"async\" style=\"margin-top:px\" alt=\"\" width=\"50\" src=\"https:\/\/hoteldelconte.it\/new\/wp-content\/uploads\/2017\/07\/icon-14-1-2.png\">\n\n        <div class=\"nd_options_section nd_options_box_sizing_border_box\">\n            \n            <h3 class=\"nd_options_first_font  \" style=\"margin:10px 0px 0px 0px;color:;font-size:25px;line-height:25px\">Pool<\/h3> \n            <p class=\"nd_options_second_font  \" style=\"margin:20px 0px;color:#878787;font-size:14px;line-height:24px\">The outdoor pool is equipped with Jacuzzi, sun beds and bar service.<\/p> \n            \n\n        <\/div>\n\n    <\/div>\n\n  <div style=\"background-color:;height: 10px\" class=\"nicdark_section  \"><\/div>[\/vc_column][vc_column width=&#8221;1\/4&#8243;]<div style=\"background-color:;height: 10px\" class=\"nicdark_section  \"><\/div>\n\n    <div class=\"nd_options_section  nd_options_text_align_left \">\n\n        <img decoding=\"async\" style=\"margin-top:px\" alt=\"\" width=\"50\" src=\"https:\/\/hoteldelconte.it\/new\/wp-content\/uploads\/2017\/07\/icon-18-2.png\">\n\n        <div class=\"nd_options_section nd_options_box_sizing_border_box\">\n            \n            <h3 class=\"nd_options_first_font  \" style=\"margin:10px 0px 0px 0px;color:;font-size:25px;line-height:25px\">Meeting Room<\/h3> \n            <p class=\"nd_options_second_font  \" style=\"margin:20px 0px;color:#878787;font-size:14px;line-height:24px\">The meeting room accommodates 30 \/ 40. WI FI and lan connection guaranteed.<\/p> \n            \n\n        <\/div>\n\n    <\/div>\n\n  <div style=\"background-color:;height: 10px\" class=\"nicdark_section  \"><\/div>[\/vc_column][vc_column width=&#8221;1\/4&#8243;]<div style=\"background-color:;height: 10px\" class=\"nicdark_section  \"><\/div>\n\n    <div class=\"nd_options_section  nd_options_text_align_left \">\n\n        <img decoding=\"async\" style=\"margin-top:px\" alt=\"\" width=\"50\" src=\"https:\/\/hoteldelconte.it\/new\/wp-content\/uploads\/2019\/10\/internet_point.png\">\n\n        <div class=\"nd_options_section nd_options_box_sizing_border_box\">\n            \n            <h3 class=\"nd_options_first_font  \" style=\"margin:10px 0px 0px 0px;color:;font-size:25px;line-height:25px\">Internet Point<\/h3> \n            <p class=\"nd_options_second_font  \" style=\"margin:20px 0px;color:#878787;font-size:14px;line-height:24px\">Guests have free use of a computer with internet connection.<\/p> \n            \n\n        <\/div>\n\n    <\/div>\n\n  <div style=\"background-color:;height: 10px\" class=\"nicdark_section  \"><\/div>[\/vc_column][vc_column width=&#8221;1\/4&#8243;]<div style=\"background-color:;height: 10px\" class=\"nicdark_section  \"><\/div>\n\n    <div class=\"nd_options_section  nd_options_text_align_left \">\n\n        <img decoding=\"async\" style=\"margin-top:px\" alt=\"\" width=\"50\" src=\"https:\/\/hoteldelconte.it\/new\/wp-content\/uploads\/2017\/07\/icon-11-1-2.png\">\n\n        <div class=\"nd_options_section nd_options_box_sizing_border_box\">\n            \n            <h3 class=\"nd_options_first_font  \" style=\"margin:10px 0px 0px 0px;color:;font-size:25px;line-height:25px\">Spiaggia<\/h3> \n            <p class=\"nd_options_second_font  \" style=\"margin:20px 0px;color:#878787;font-size:14px;line-height:24px\">10 minutes by car - During the summer season, hotel guests enjoy a privileged relationship with the neighbouring seaside city of Sperlonga at the Lido Grotta dei Delfini located on the famous \u201cLevante\u201d beach and with selected lidos at discount rates from April to October. Sports entertainment and Baby Club in high season.<\/p> \n            \n\n        <\/div>\n\n    <\/div>\n\n  <div style=\"background-color:;height: 10px\" class=\"nicdark_section  \"><\/div>[\/vc_column][\/vc_row][vc_row full_width=&#8221;stretch_row&#8221; content_placement=&#8221;middle&#8221; parallax=&#8221;content-moving&#8221; parallax_image=&#8221;1506&#8243; css=&#8221;.vc_custom_1564593282649{margin-top: 60px !important;padding-top: 85px !important;padding-bottom: 85px !important;}&#8221;][vc_column width=&#8221;1\/2&#8243;]<div style=\"background-color:;height: 15px\" class=\"nicdark_section  \"><\/div> <h1 style=\"color:#ffffff;padding:px;text-align:;font-size:50px;line-height:50px;letter-spacing: px;font-weight:normal\" class=\"   nd_options_first_font \">Wellness Area<\/h1> <div style=\"background-color:;height: 40px\" class=\"nicdark_section  \"><\/div> <p style=\"color:#ffffff;padding:px;text-align:;font-size:13px;line-height:25px;letter-spacing: 3px;font-weight:lighter\" class=\"   nd_options_second_font \">A small haven of pleasure to enjoy moments of total relaxation. Sauna, Steam bath, Relaxation area with herbal teas. Bathrobe and slippers available.<\/p> <div style=\"background-color:;height: 40px\" class=\"nicdark_section  \"><\/div>[\/vc_column][vc_column width=&#8221;1\/4&#8243;][vc_single_image image=&#8221;1895&#8243; img_size=&#8221;medium&#8221;][\/vc_column][vc_column width=&#8221;1\/4&#8243;][vc_single_image image=&#8221;1920&#8243; img_size=&#8221;medium&#8221;][\/vc_column][\/vc_row][vc_row css=&#8221;.vc_custom_1575009008140{margin-top: 90px !important;}&#8221;][vc_column width=&#8221;1\/3&#8243;]<div style=\"background-color:;height: 10px\" class=\"nicdark_section  \"><\/div>\n\n    <div class=\"nd_options_section nd_options_position_relative \">\n\n        <img decoding=\"async\" style=\"top:px\" alt=\"\" class=\"nd_options_position_absolute nd_options_left_0\" width=\"50\" src=\"https:\/\/hoteldelconte.it\/new\/wp-content\/uploads\/2017\/07\/icon-12-1-2.png\">\n\n        <div style=\"padding-left:70px\" class=\"nd_options_section nd_options_box_sizing_border_box\">\n            \n            <h3 class=\"  \" style=\"margin:;color:;font-size:px;line-height:px\">wi-fi<\/h3> \n            <p class=\"  \" style=\"margin:20px 0px;color:;font-size:px;line-height:10px\">Wi-Fi is free throughout the hotel<\/p> \n            \n\n        <\/div>\n\n    <\/div>\n\n  <div style=\"background-color:;height: 10px\" class=\"nicdark_section  \"><\/div>[\/vc_column][vc_column width=&#8221;1\/3&#8243;]<div style=\"background-color:;height: 10px\" class=\"nicdark_section  \"><\/div>\n\n    <div class=\"nd_options_section nd_options_position_relative \">\n\n        <img decoding=\"async\" style=\"top:px\" alt=\"\" class=\"nd_options_position_absolute nd_options_left_0\" width=\"50\" src=\"https:\/\/hoteldelconte.it\/new\/wp-content\/uploads\/2019\/10\/icon_parcheggio.png\">\n\n        <div style=\"padding-left:70px\" class=\"nd_options_section nd_options_box_sizing_border_box\">\n            \n            <h3 class=\"  \" style=\"margin:;color:;font-size:px;line-height:px\">Parking Area<\/h3> \n             \n            \n\n        <\/div>\n\n    <\/div>\n\n  <div style=\"background-color:;height: 10px\" class=\"nicdark_section  \"><\/div>[\/vc_column][vc_column width=&#8221;1\/3&#8243;]<div style=\"background-color:;height: 10px\" class=\"nicdark_section  \"><\/div>\n\n    <div class=\"nd_options_section nd_options_position_relative \">\n\n        <img decoding=\"async\" style=\"top:px\" alt=\"\" class=\"nd_options_position_absolute nd_options_left_0\" width=\"50\" src=\"https:\/\/hoteldelconte.it\/new\/wp-content\/uploads\/2017\/07\/icon-17-2.png\">\n\n        <div style=\"padding-left:70px\" class=\"nd_options_section nd_options_box_sizing_border_box\">\n            \n            <h3 class=\"  \" style=\"margin:;color:;font-size:px;line-height:px\">Ristorante<\/h3> \n            <p class=\"  \" style=\"margin:20px 0px;color:;font-size:px;line-height:10px\">Next to the hotel<\/p> \n            \n\n        <\/div>\n\n    <\/div>\n\n  <div style=\"background-color:;height: 10px\" class=\"nicdark_section  \"><\/div>[\/vc_column][\/vc_row][vc_row full_width=&#8221;stretch_row&#8221; content_placement=&#8221;middle&#8221; parallax=&#8221;content-moving&#8221; parallax_image=&#8221;1555&#8243; css=&#8221;.vc_custom_1582632606103{margin-top: 90px !important;padding-top: 85px !important;padding-bottom: 85px !important;}&#8221;][vc_column width=&#8221;1\/2&#8243; css=&#8221;.vc_custom_1582632663606{background-color: rgba(142,142,142,0.73) !important;*background-color: rgb(142,142,142) !important;}&#8221;]<div style=\"background-color:;height: 15px\" class=\"nicdark_section  \"><\/div> <h1 style=\"color:#ffffff;padding:px;text-align:;font-size:50px;line-height:50px;letter-spacing: px;font-weight:normal\" class=\"   nd_options_first_font \">RISTORANTE BIANCANEVE<\/h1> <div style=\"background-color:;height: 40px\" class=\"nicdark_section  \"><\/div> <p style=\"color:#ffffff;padding:px;text-align:;font-size:14px;line-height:25px;letter-spacing: 3px;font-weight:normal\" class=\" nd_options_underline_effect nd_options_underline_effect_784  nd_options_second_font \">Il ristorante pizzeria annesso all\u2019hotel \u00e8 gestito con amore e passione dal signor Fabio Conte ed \u00e8 aperto a cena. Ristorante dinamico, informale con una cucina veloce, leggera e di qualit\u00e0.<\/p> <div style=\"background-color:;height: 40px\" class=\"nicdark_section  \"><\/div>[\/vc_column][vc_column width=&#8221;1\/4&#8243;][\/vc_column][vc_column width=&#8221;1\/4&#8243;][\/vc_column][\/vc_row][vc_row css=&#8221;.vc_custom_1492678444784{margin-top: 45px !important;}&#8221;][vc_column width=&#8221;1\/3&#8243; css=&#8221;.vc_custom_1492678451406{padding-right: 0px !important;padding-left: 0px !important;}&#8221;][vc_column_text css_animation=&#8221;bounceInDown&#8221;]DINNER 20,00 \u2013 22,00<\/p>\n<p><strong>Closed on Sunday<\/strong>[\/vc_column_text][\/vc_column][vc_column width=&#8221;1\/3&#8243;][vc_single_image image=&#8221;1926&#8243; img_size=&#8221;medium&#8221;][\/vc_column][vc_column width=&#8221;1\/3&#8243;][vc_single_image image=&#8221;1928&#8243; img_size=&#8221;medium&#8221;][\/vc_column][\/vc_row][vc_row full_width=&#8221;stretch_row&#8221; css=&#8221;.vc_custom_1504192255954{margin-top: 70px !important;padding-bottom: 0px !important;}&#8221;][vc_column] <h6 style=\"color:#878787;padding:px;text-align:center;font-size:12px;line-height:12px;letter-spacing: 2px;font-weight:lighter\" class=\"   nd_options_second_font \">AGREED WITH OUR HOTEL<\/h6> <div style=\"background-color:;height: 10px\" class=\"nicdark_section  \"><\/div>\n    <div class=\"nd_options_section nd_options_line_height_0  nd_options_text_align_center \">\n        <span style=\"height:1px;width:30px;background-color:#878787\" class=\"nd_options_display_inline_block\"><\/span>\n    <\/div>\n   <div style=\"background-color:;height: 30px\" class=\"nicdark_section  \"><\/div> <h1 style=\"color:#1c1c1c;padding:px;text-align:center;font-size:55px;line-height:px;letter-spacing: px;font-weight:normal\" class=\"  nd_options_font_size_40_important_all_iphone nd_options_line_height_40_important_all_iphone nd_options_first_font \">EXTERNAL SERVICES<\/h1> <div style=\"background-color:;height: 35px\" class=\"nicdark_section  \"><\/div>[\/vc_column][\/vc_row][vc_row][vc_column]<div class=\"nd_options_section nd_options_masonry_content nd_options_postgrid_services \"><\/div>\n    <div class=\"nd_options_section nd_options_line_height_0  nd_options_text_align_center \">\n        <span style=\"height:2px;width:30px;background-color:#f1f1f1\" class=\"nd_options_display_inline_block\"><\/span>\n    <\/div>\n   [\/vc_column][\/vc_row][vc_row][vc_column width=&#8221;1\/5&#8243;]<div style=\"background-color:;height: 10px\" class=\"nicdark_section  \"><\/div>\n\n    <div class=\"nd_options_section nd_options_position_relative \">\n\n        <img decoding=\"async\" style=\"top:px\" alt=\"\" class=\"nd_options_position_absolute nd_options_left_0\" width=\"50\" src=\"https:\/\/hoteldelconte.it\/new\/wp-content\/uploads\/2019\/10\/icon-taxi.png\">\n\n        <div style=\"padding-left:70px\" class=\"nd_options_section nd_options_box_sizing_border_box\">\n            \n            <h3 class=\"  \" style=\"margin:;color:;font-size:px;line-height:px\">Taxi<\/h3> \n            <p class=\"  \" style=\"margin:20px 0px;color:;font-size:px;line-height:10px\">On Demand<\/p> \n            \n\n        <\/div>\n\n    <\/div>\n\n  <div style=\"background-color:;height: 10px\" class=\"nicdark_section  \"><\/div>[\/vc_column][vc_column width=&#8221;1\/5&#8243;]<div style=\"background-color:;height: 10px\" class=\"nicdark_section  \"><\/div>\n\n    <div class=\"nd_options_section nd_options_position_relative \">\n\n        <img decoding=\"async\" style=\"top:px\" alt=\"\" class=\"nd_options_position_absolute nd_options_left_0\" width=\"50\" src=\"https:\/\/hoteldelconte.it\/new\/wp-content\/uploads\/2019\/10\/icon_estetista.png\">\n\n        <div style=\"padding-left:70px\" class=\"nd_options_section nd_options_box_sizing_border_box\">\n            \n            <h3 class=\"  \" style=\"margin:;color:;font-size:px;line-height:px\">Beautician<\/h3> \n            <p class=\"  \" style=\"margin:20px 0px;color:;font-size:px;line-height:10px\">On demand<\/p> \n            \n\n        <\/div>\n\n    <\/div>\n\n  <div style=\"background-color:;height: 10px\" class=\"nicdark_section  \"><\/div>[\/vc_column][vc_column width=&#8221;1\/5&#8243;]<div style=\"background-color:;height: 10px\" class=\"nicdark_section  \"><\/div>\n\n    <div class=\"nd_options_section nd_options_position_relative \">\n\n        <img decoding=\"async\" style=\"top:px\" alt=\"\" class=\"nd_options_position_absolute nd_options_left_0\" width=\"50\" src=\"https:\/\/hoteldelconte.it\/new\/wp-content\/uploads\/2017\/07\/icon-15-2.png\">\n\n        <div style=\"padding-left:70px\" class=\"nd_options_section nd_options_box_sizing_border_box\">\n            \n            <h3 class=\"  \" style=\"margin:;color:;font-size:px;line-height:px\">Laundry<\/h3> \n            <p class=\"  \" style=\"margin:20px 0px;color:;font-size:px;line-height:10px\">On demand<\/p> \n            \n\n        <\/div>\n\n    <\/div>\n\n  <div style=\"background-color:;height: 10px\" class=\"nicdark_section  \"><\/div>[\/vc_column][\/vc_row][vc_row][vc_column]\n    <div class=\"nd_options_section nd_options_line_height_0  nd_options_text_align_center \">\n        <span style=\"height:2px;width:30px;background-color:#f1f1f1\" class=\"nd_options_display_inline_block\"><\/span>\n    <\/div>\n   [\/vc_column][\/vc_row]<\/p>\n","protected":false},"excerpt":{"rendered":"<p>[vc_row css=&#8221;.vc_custom_1485535037496{margin-top: 50px !important;}&#8221;][vc_column width=&#8221;1\/4&#8243;][\/vc_column][vc_column width=&#8221;1\/4&#8243;][\/vc_column][vc_column width=&#8221;1\/4&#8243;][\/vc_column][vc_column width=&#8221;1\/4&#8243;][\/vc_column][\/vc_row][vc_row full_width=&#8221;stretch_row&#8221; content_placement=&#8221;middle&#8221; parallax=&#8221;content-moving&#8221; parallax_image=&#8221;1506&#8243; css=&#8221;.vc_custom_1564593282649{margin-top: 60px !important;padding-top: 85px !important;padding-bottom: 85px !important;}&#8221;][vc_column width=&#8221;1\/2&#8243;][\/vc_column][vc_column width=&#8221;1\/4&#8243;][vc_single_image image=&#8221;1895&#8243; img_size=&#8221;medium&#8221;][\/vc_column][vc_column width=&#8221;1\/4&#8243;][vc_single_image image=&#8221;1920&#8243; img_size=&#8221;medium&#8221;][\/vc_column][\/vc_row][vc_row css=&#8221;.vc_custom_1575009008140{margin-top: 90px !important;}&#8221;][vc_column width=&#8221;1\/3&#8243;][\/vc_column][vc_column width=&#8221;1\/3&#8243;][\/vc_column][vc_column width=&#8221;1\/3&#8243;][\/vc_column][\/vc_row][vc_row full_width=&#8221;stretch_row&#8221; content_placement=&#8221;middle&#8221; parallax=&#8221;content-moving&#8221; parallax_image=&#8221;1555&#8243; css=&#8221;.vc_custom_1582632606103{margin-top: 90px !important;padding-top: 85px !important;padding-bottom: 85px !important;}&#8221;][vc_column width=&#8221;1\/2&#8243; css=&#8221;.vc_custom_1582632663606{background-color: rgba(142,142,142,0.73) !important;*background-color: rgb(142,142,142) !important;}&#8221;][\/vc_column][vc_column width=&#8221;1\/4&#8243;][\/vc_column][vc_column width=&#8221;1\/4&#8243;][\/vc_column][\/vc_row][vc_row css=&#8221;.vc_custom_1492678444784{margin-top: 45px !important;}&#8221;][vc_column width=&#8221;1\/3&#8243; [&hellip;]<\/p>\n","protected":false},"author":1,"featured_media":0,"parent":0,"menu_order":0,"comment_status":"closed","ping_status":"closed","template":"","meta":{"_joinchat":[],"footnotes":""},"class_list":["post-2019","page","type-page","status-publish","hentry"],"_links":{"self":[{"href":"https:\/\/hoteldelconte.it\/en\/wp-json\/wp\/v2\/pages\/2019","targetHints":{"allow":["GET"]}}],"collection":[{"href":"https:\/\/hoteldelconte.it\/en\/wp-json\/wp\/v2\/pages"}],"about":[{"href":"https:\/\/hoteldelconte.it\/en\/wp-json\/wp\/v2\/types\/page"}],"author":[{"embeddable":true,"href":"https:\/\/hoteldelconte.it\/en\/wp-json\/wp\/v2\/users\/1"}],"replies":[{"embeddable":true,"href":"https:\/\/hoteldelconte.it\/en\/wp-json\/wp\/v2\/comments?post=2019"}],"version-history":[{"count":48,"href":"https:\/\/hoteldelconte.it\/en\/wp-json\/wp\/v2\/pages\/2019\/revisions"}],"predecessor-version":[{"id":3359,"href":"https:\/\/hoteldelconte.it\/en\/wp-json\/wp\/v2\/pages\/2019\/revisions\/3359"}],"wp:attachment":[{"href":"https:\/\/hoteldelconte.it\/en\/wp-json\/wp\/v2\/media?parent=2019"}],"curies":[{"name":"wp","href":"https:\/\/api.w.org\/{rel}","templated":true}]}}